{"id":29,"date":"2026-03-04T08:21:14","date_gmt":"2026-03-04T08:21:14","guid":{"rendered":"https:\/\/benkadiexpress.rkinformatika.online\/?page_id=29"},"modified":"2026-03-05T16:38:26","modified_gmt":"2026-03-05T16:38:26","slug":"inicio","status":"publish","type":"page","link":"https:\/\/benkadiexpress.es\/en\/","title":{"rendered":"Home"},"content":{"rendered":"\t\t<div data-elementor-type=\"wp-page\" data-elementor-id=\"29\" class=\"elementor elementor-29\" data-elementor-post-type=\"page\">\n\t\t\t\t<div class=\"elementor-element elementor-element-4f4b9d5 e-con-full e-flex e-con e-parent\" data-id=\"4f4b9d5\" data-element_type=\"container\" data-e-type=\"container\" data-settings=\"{&quot;background_background&quot;:&quot;classic&quot;}\">\n\t\t<div class=\"elementor-element elementor-element-2d7b56e e-flex e-con-boxed e-con e-child\" data-id=\"2d7b56e\" data-element_type=\"container\" data-e-type=\"container\" data-settings=\"{&quot;background_background&quot;:&quot;classic&quot;}\">\n\t\t\t\t\t<div class=\"e-con-inner\">\n\t\t\t\t<div class=\"elementor-element elementor-element-4bd3aa8b elementor-widget elementor-widget-heading\" data-id=\"4bd3aa8b\" data-element_type=\"widget\" data-e-type=\"widget\" data-widget_type=\"heading.default\">\n\t\t\t\t\t<h2 class=\"elementor-heading-title elementor-size-default\">Tu mundo <br>en un solo lugar<\/h2>\t\t\t\t<\/div>\n\t\t\t\t<div class=\"elementor-element elementor-element-1361cb4c elementor-widget elementor-widget-text-editor\" data-id=\"1361cb4c\" data-element_type=\"widget\" data-e-type=\"widget\" data-widget_type=\"text-editor.default\">\n\t\t\t\t\t\t\t\t\t<p>En Benkadi Express conectamos culturas, familias y comunidades. Ofrecemos productos de alimentaci\u00f3n internacionales, especialidades africanas, servicios de locutorio y env\u00edos de dinero con total seguridad. Calidad, confianza y cercan\u00eda todos los d\u00edas para que encuentres todo lo que necesitas en un solo espacio.<\/p>\t\t\t\t\t\t\t\t<\/div>\n\t\t\t\t<div class=\"elementor-element elementor-element-7b9519dd elementor-tablet-align-center elementor-mobile-align-center elementor-widget elementor-widget-button\" data-id=\"7b9519dd\" data-element_type=\"widget\" data-e-type=\"widget\" data-widget_type=\"button.default\">\n\t\t\t\t\t\t\t\t\t\t<a class=\"elementor-button elementor-button-link elementor-size-sm\" href=\"\/servicios\">\n\t\t\t\t\t\t<span class=\"elementor-button-content-wrapper\">\n\t\t\t\t\t\t\t\t\t<span class=\"elementor-button-text\">Ver Servicios<\/span>\n\t\t\t\t\t<\/span>\n\t\t\t\t\t<\/a>\n\t\t\t\t\t\t\t\t<\/div>\n\t\t\t\t\t<\/div>\n\t\t\t\t<\/div>\n\t\t\t\t<\/div>\n\t\t<div class=\"elementor-element elementor-element-6df9ce24 e-con-full e-flex e-con e-parent\" data-id=\"6df9ce24\" data-element_type=\"container\" data-e-type=\"container\" data-settings=\"{&quot;background_background&quot;:&quot;classic&quot;}\">\n\t\t\t\t<div class=\"elementor-element elementor-element-5682274 elementor-widget elementor-widget-heading\" data-id=\"5682274\" data-element_type=\"widget\" data-e-type=\"widget\" data-widget_type=\"heading.default\">\n\t\t\t\t\t<h2 class=\"elementor-heading-title elementor-size-default\">Sobre Benkadi Express<\/h2>\t\t\t\t<\/div>\n\t\t\t\t<div class=\"elementor-element elementor-element-43ef2e86 elementor-widget__width-initial elementor-widget elementor-widget-text-editor\" data-id=\"43ef2e86\" data-element_type=\"widget\" data-e-type=\"widget\" data-widget_type=\"text-editor.default\">\n\t\t\t\t\t\t\t\t\t<p data-start=\"677\" data-end=\"969\">Benkadi Express es un espacio multicultural en Sevilla dedicado a la alimentaci\u00f3n, comunicaci\u00f3n y servicios digitales. Ofrecemos una amplia variedad de productos africanos, latinos, europeos y asi\u00e1ticos, tanto frescos como congelados, garantizando siempre calidad y autenticidad.<\/p><p data-start=\"971\" data-end=\"1224\">Adem\u00e1s, brindamos servicios de locutorio y env\u00edos de dinero a nivel internacional a trav\u00e9s de plataformas reconocidas. Nuestro compromiso es ofrecer atenci\u00f3n personalizada, confianza y excelencia, construyendo relaciones duraderas con nuestros clientes.<\/p>\t\t\t\t\t\t\t\t<\/div>\n\t\t\t\t<div class=\"elementor-element elementor-element-6f8cfb98 elementor-absolute elementor-widget elementor-widget-image\" data-id=\"6f8cfb98\" data-element_type=\"widget\" data-e-type=\"widget\" data-settings=\"{&quot;_position&quot;:&quot;absolute&quot;}\" data-widget_type=\"image.default\">\n\t\t\t\t\t\t\t\t\t\t\t\t\t\t\t<img fetchpriority=\"high\" decoding=\"async\" width=\"800\" height=\"378\" src=\"https:\/\/benkadiexpress.es\/wp-content\/uploads\/2026\/03\/Recurso-3@10x-8-scaled-1-1024x484.png\" class=\"attachment-large size-large wp-image-31\" alt=\"\" srcset=\"https:\/\/benkadiexpress.es\/wp-content\/uploads\/2026\/03\/Recurso-3@10x-8-scaled-1-1024x484.png 1024w, https:\/\/benkadiexpress.es\/wp-content\/uploads\/2026\/03\/Recurso-3@10x-8-scaled-1-300x142.png 300w, https:\/\/benkadiexpress.es\/wp-content\/uploads\/2026\/03\/Recurso-3@10x-8-scaled-1-768x363.png 768w, https:\/\/benkadiexpress.es\/wp-content\/uploads\/2026\/03\/Recurso-3@10x-8-scaled-1-1536x725.png 1536w, https:\/\/benkadiexpress.es\/wp-content\/uploads\/2026\/03\/Recurso-3@10x-8-scaled-1-2048x967.png 2048w, https:\/\/benkadiexpress.es\/wp-content\/uploads\/2026\/03\/Recurso-3@10x-8-scaled-1-18x9.png 18w\" sizes=\"(max-width: 800px) 100vw, 800px\" \/>\t\t\t\t\t\t\t\t\t\t\t\t\t\t\t<\/div>\n\t\t\t\t<\/div>\n\t\t<div class=\"elementor-element elementor-element-b9e015a e-flex e-con-boxed e-con e-parent\" data-id=\"b9e015a\" data-element_type=\"container\" data-e-type=\"container\" data-settings=\"{&quot;background_background&quot;:&quot;gradient&quot;}\">\n\t\t\t\t\t<div class=\"e-con-inner\">\n\t\t<div class=\"elementor-element elementor-element-1c8adde3 e-con-full e-flex e-con e-child\" data-id=\"1c8adde3\" data-element_type=\"container\" data-e-type=\"container\" data-settings=\"{&quot;background_background&quot;:&quot;gradient&quot;}\">\n\t\t<div class=\"elementor-element elementor-element-3537ba55 e-flex e-con-boxed e-con e-child\" data-id=\"3537ba55\" data-element_type=\"container\" data-e-type=\"container\">\n\t\t\t\t\t<div class=\"e-con-inner\">\n\t\t<div class=\"elementor-element elementor-element-576751c6 e-grid e-con-full stack-parent e-con e-child\" data-id=\"576751c6\" data-element_type=\"container\" data-e-type=\"container\" data-settings=\"{&quot;motion_fx_motion_fx_scrolling&quot;:&quot;yes&quot;,&quot;motion_fx_devices&quot;:[&quot;desktop&quot;,&quot;tablet&quot;,&quot;mobile&quot;]}\">\n\t\t<div class=\"elementor-element elementor-element-3b71e2c6 e-con-full card-left stacked-card e-flex e-con e-child\" data-id=\"3b71e2c6\" data-element_type=\"container\" data-e-type=\"container\" data-settings=\"{&quot;background_background&quot;:&quot;classic&quot;,&quot;motion_fx_motion_fx_scrolling&quot;:&quot;yes&quot;,&quot;motion_fx_motion_fx_mouse&quot;:&quot;yes&quot;,&quot;animation&quot;:&quot;none&quot;,&quot;motion_fx_devices&quot;:[&quot;desktop&quot;,&quot;tablet&quot;,&quot;mobile&quot;]}\">\n\t\t<div class=\"elementor-element elementor-element-885c2d4 e-con-full e-flex e-con e-child\" data-id=\"885c2d4\" data-element_type=\"container\" data-e-type=\"container\" data-settings=\"{&quot;background_background&quot;:&quot;classic&quot;}\">\n\t\t\t\t<\/div>\n\t\t\t\t<div class=\"elementor-element elementor-element-28e67a14 elementor-widget elementor-widget-heading\" data-id=\"28e67a14\" data-element_type=\"widget\" data-e-type=\"widget\" data-widget_type=\"heading.default\">\n\t\t\t\t\t<h2 class=\"elementor-heading-title elementor-size-default\">Alimentaci\u00f3n Internacional<\/h2>\t\t\t\t<\/div>\n\t\t\t\t<div class=\"elementor-element elementor-element-4d9f42b2 elementor-widget elementor-widget-text-editor\" data-id=\"4d9f42b2\" data-element_type=\"widget\" data-e-type=\"widget\" data-widget_type=\"text-editor.default\">\n\t\t\t\t\t\t\t\t\t<p>Productos africanos, latinos, europeos y asi\u00e1ticos. Frescura, calidad y sabores aut\u00e9nticos para tu d\u00eda a d\u00eda.<\/p>\t\t\t\t\t\t\t\t<\/div>\n\t\t\t\t<\/div>\n\t\t<div class=\"elementor-element elementor-element-176b2945 e-con-full card-middle stacked-card e-flex e-con e-child\" data-id=\"176b2945\" data-element_type=\"container\" data-e-type=\"container\" data-settings=\"{&quot;background_background&quot;:&quot;classic&quot;}\">\n\t\t<div class=\"elementor-element elementor-element-47de46d e-con-full e-flex e-con e-child\" data-id=\"47de46d\" data-element_type=\"container\" data-e-type=\"container\" data-settings=\"{&quot;background_background&quot;:&quot;classic&quot;}\">\n\t\t\t\t<\/div>\n\t\t\t\t<div class=\"elementor-element elementor-element-4fe34d89 elementor-widget elementor-widget-heading\" data-id=\"4fe34d89\" data-element_type=\"widget\" data-e-type=\"widget\" data-widget_type=\"heading.default\">\n\t\t\t\t\t<h2 class=\"elementor-heading-title elementor-size-default\">Env\u00edos de Dinero Seguros<\/h2>\t\t\t\t<\/div>\n\t\t\t\t<div class=\"elementor-element elementor-element-5651008c elementor-widget elementor-widget-text-editor\" data-id=\"5651008c\" data-element_type=\"widget\" data-e-type=\"widget\" data-widget_type=\"text-editor.default\">\n\t\t\t\t\t\t\t\t\t<p>Realiza env\u00edos y recibos de dinero de forma r\u00e1pida y confiable a trav\u00e9s de servicios internacionales reconocidos.<\/p>\t\t\t\t\t\t\t\t<\/div>\n\t\t\t\t<\/div>\n\t\t<div class=\"elementor-element elementor-element-ead6300 e-con-full card-right stacked-card e-flex e-con e-child\" data-id=\"ead6300\" data-element_type=\"container\" data-e-type=\"container\" data-settings=\"{&quot;background_background&quot;:&quot;classic&quot;}\">\n\t\t<div class=\"elementor-element elementor-element-e9b3ceb e-con-full e-flex e-con e-child\" data-id=\"e9b3ceb\" data-element_type=\"container\" data-e-type=\"container\" data-settings=\"{&quot;background_background&quot;:&quot;classic&quot;}\">\n\t\t\t\t<\/div>\n\t\t\t\t<div class=\"elementor-element elementor-element-2e187168 elementor-widget elementor-widget-heading\" data-id=\"2e187168\" data-element_type=\"widget\" data-e-type=\"widget\" data-widget_type=\"heading.default\">\n\t\t\t\t\t<h2 class=\"elementor-heading-title elementor-size-default\">Locutorio y Servicios Digitales<\/h2>\t\t\t\t<\/div>\n\t\t\t\t<div class=\"elementor-element elementor-element-1014fb10 elementor-widget elementor-widget-text-editor\" data-id=\"1014fb10\" data-element_type=\"widget\" data-e-type=\"widget\" data-widget_type=\"text-editor.default\">\n\t\t\t\t\t\t\t\t\t<p>Comunicaci\u00f3n internacional y soluciones digitales para mantenerte siempre conectado.<\/p>\t\t\t\t\t\t\t\t<\/div>\n\t\t\t\t<\/div>\n\t\t\t\t<\/div>\n\t\t\t\t<div class=\"elementor-element elementor-element-6c3027cd elementor-widget elementor-widget-html\" data-id=\"6c3027cd\" data-element_type=\"widget\" data-e-type=\"widget\" data-widget_type=\"html.default\">\n\t\t\t\t\t<style>\n\/* 1. Base Setup for the Cards *\/\n.stacked-card {\n    transition: transform 1.2s cubic-bezier(0.22, 1, 0.36, 1), opacity 0.8s ease;\n    will-change: transform;\n}\n\n\/* 2. Initial \"Stacked\" Positions (Before Scroll) *\/\n.card-left {\n    \/* Moves card right and tilts it behind middle *\/\n    transform: translateX(220px) rotate(-15deg); \n    z-index: 5;\n}\n\n.card-middle {\n    \/* Middle stays centered but higher z-index *\/\n    transform: scale(1.02);\n    z-index: 10;\n}\n\n.card-right {\n    \/* Moves card left and tilts it behind middle *\/\n    transform: translateX(-220px) rotate(15deg);\n    z-index: 5;\n}\n\n\/* 3. The \"Active\" State (The Reset to 0) *\/\n\/* This triggers when the .is-active class is added via JS *\/\n.stack-parent.is-active .card-left,\n.stack-parent.is-active .card-right {\n    transform: translateX(0) rotate(0deg);\n}\n\n.stack-parent.is-active .card-middle {\n    transform: scale(1);\n}\n\n\/* 4. Mobile Responsiveness *\/\n\/* We usually want to disable the rotation on small screens *\/\n@media (max-width: 767px) {\n    .card-left, .card-right {\n        transform: translateX(0) rotate(0deg) !important;\n    }\n}\n<\/style>\n\n<script>\ndocument.addEventListener('DOMContentLoaded', function() {\n    const observerOptions = {\n        root: null,\n        \/* rootMargin: Top, Right, Bottom, Left *\/\n        \/* This ensures the cards rotate back before they fully leave the screen *\/\n        rootMargin: '-40% 0px -40% 0px', \n        threshold: 0 \n    };\n\n    const observer = new IntersectionObserver((entries) => {\n        entries.forEach(entry => {\n            if (entry.isIntersecting) {\n                \/\/ When entering the \"window\", straighten the cards\n                entry.target.classList.add('is-active');\n            } else {\n                \/\/ When leaving (scrolling up OR down), rotate them back\n                entry.target.classList.remove('is-active');\n            }\n        });\n    }, observerOptions);\n\n    const target = document.querySelector('.stack-parent');\n    if (target) {\n        observer.observe(target);\n    }\n});\n<\/script>\n\n<script>\nfunction mapRange(n, a, b, c, d) {\n  return ((n - a) * (d - c)) \/ (b - a) + c;\n}\n\ndocument.addEventListener(\"DOMContentLoaded\", function () {\n\n  const cards = document.querySelectorAll(\".stacked-card\");\n\n  cards.forEach(card => {\n\n    \/\/ Create gloss\n    const gloss = document.createElement(\"div\");\n    gloss.classList.add(\"card-gloss\");\n    card.appendChild(gloss);\n\n    card.addEventListener(\"mousemove\", (e) => {\n\n      const rect = card.getBoundingClientRect();\n\n      const centerX = rect.left + rect.width \/ 2;\n      const centerY = rect.top + rect.height \/ 2;\n\n      const deltaX = e.clientX - centerX;\n      const deltaY = e.clientY - centerY;\n\n      const distance = Math.sqrt(deltaX * deltaX + deltaY * deltaY);\n      const maxDistance = Math.max(rect.width \/ 2, rect.height \/ 2);\n\n      const rotateX = mapRange(deltaY, -rect.height\/2, rect.height\/2, 8, -8);\n      const rotateY = mapRange(deltaX, -rect.width\/2, rect.width\/2, -8, 8);\n\n      card.style.transform = `\n        perspective(1000px)\n        rotateX(${rotateX}deg)\n        rotateY(${rotateY}deg)\n      `;\n\n      gloss.style.opacity = mapRange(distance, 0, maxDistance, 0, 0.5);\n      gloss.style.background = `\n        radial-gradient(\n          circle at ${e.clientX - rect.left}px ${e.clientY - rect.top}px,\n          rgba(255,255,255,0.8),\n          rgba(255,255,255,0) 60%\n        )\n      `;\n    });\n\n    card.addEventListener(\"mouseleave\", () => {\n      card.style.transform = `\n        perspective(1000px)\n        rotateX(0deg)\n        rotateY(0deg)\n      `;\n      gloss.style.opacity = \"0\";\n    });\n\n  });\n\n});\n<\/script>\t\t\t\t<\/div>\n\t\t\t\t\t<\/div>\n\t\t\t\t<\/div>\n\t\t\t\t<\/div>\n\t\t<div class=\"elementor-element elementor-element-582a0c9b e-con-full e-flex e-con e-child\" data-id=\"582a0c9b\" data-element_type=\"container\" data-e-type=\"container\" data-settings=\"{&quot;background_background&quot;:&quot;classic&quot;,&quot;sticky&quot;:&quot;bottom&quot;,&quot;sticky_on&quot;:[&quot;desktop&quot;,&quot;tablet&quot;,&quot;mobile&quot;],&quot;sticky_offset&quot;:0,&quot;sticky_effects_offset&quot;:0,&quot;sticky_anchor_link_offset&quot;:0}\">\n\t\t\t\t<div class=\"elementor-element elementor-element-42ff74a7 elementor-widget elementor-widget-heading\" data-id=\"42ff74a7\" data-element_type=\"widget\" data-e-type=\"widget\" data-widget_type=\"heading.default\">\n\t\t\t\t\t<h2 class=\"elementor-heading-title elementor-size-default\">Estamos aqu\u00ed para ayudarte<\/h2>\t\t\t\t<\/div>\n\t\t\t\t<div class=\"elementor-element elementor-element-1700601a elementor-widget elementor-widget-text-editor\" data-id=\"1700601a\" data-element_type=\"widget\" data-e-type=\"widget\" data-widget_type=\"text-editor.default\">\n\t\t\t\t\t\t\t\t\t<p>Vis\u00edtanos en Avenida Doctor Fedriani, 33 Local 01, Sevilla. Abrimos todos los d\u00edas de 10:00 a 22:00. Nuestro equipo estar\u00e1 encantado de atenderte.<\/p>\t\t\t\t\t\t\t\t<\/div>\n\t\t\t\t<div class=\"elementor-element elementor-element-7b08fc5e elementor-tablet-align-center elementor-mobile-align-center elementor-widget elementor-widget-button\" data-id=\"7b08fc5e\" data-element_type=\"widget\" data-e-type=\"widget\" data-widget_type=\"button.default\">\n\t\t\t\t\t\t\t\t\t\t<a class=\"elementor-button elementor-button-link elementor-size-sm\" href=\"\/contacto\">\n\t\t\t\t\t\t<span class=\"elementor-button-content-wrapper\">\n\t\t\t\t\t\t\t\t\t<span class=\"elementor-button-text\">Cont\u00e1ctanos!<\/span>\n\t\t\t\t\t<\/span>\n\t\t\t\t\t<\/a>\n\t\t\t\t\t\t\t\t<\/div>\n\t\t\t\t<\/div>\n\t\t\t\t\t<\/div>\n\t\t\t\t<\/div>\n\t\t\t\t<\/div>\n\t\t","protected":false},"excerpt":{"rendered":"<p>Tu mundo en un solo lugar En Benkadi Express conectamos culturas, familias y comunidades. Ofrecemos productos de alimentaci\u00f3n internacionales, especialidades africanas, servicios de locutorio y env\u00edos de dinero con total seguridad. Calidad, confianza y cercan\u00eda todos los d\u00edas para que encuentres todo lo que necesitas en un solo espacio. Ver Servicios Sobre Benkadi Express Benkadi [&hellip;]<\/p>\n","protected":false},"author":1,"featured_media":0,"parent":0,"menu_order":0,"comment_status":"closed","ping_status":"closed","template":"elementor_canvas","meta":{"footnotes":""},"class_list":["post-29","page","type-page","status-publish","hentry"],"yoast_head":"<!-- This site is optimized with the Yoast SEO plugin v27.3 - https:\/\/yoast.com\/product\/yoast-seo-wordpress\/ -->\n<title>Inicio - Benkadi Express<\/title>\n<meta name=\"robots\" content=\"index, follow, max-snippet:-1, max-image-preview:large, max-video-preview:-1\" \/>\n<link rel=\"canonical\" href=\"https:\/\/benkadiexpress.es\/en\/\" \/>\n<meta property=\"og:locale\" content=\"en_GB\" \/>\n<meta property=\"og:type\" content=\"article\" \/>\n<meta property=\"og:title\" content=\"Inicio - Benkadi Express\" \/>\n<meta property=\"og:description\" content=\"Tu mundo en un solo lugar En Benkadi Express conectamos culturas, familias y comunidades. Ofrecemos productos de alimentaci\u00f3n internacionales, especialidades africanas, servicios de locutorio y env\u00edos de dinero con total seguridad. Calidad, confianza y cercan\u00eda todos los d\u00edas para que encuentres todo lo que necesitas en un solo espacio. Ver Servicios Sobre Benkadi Express Benkadi [&hellip;]\" \/>\n<meta property=\"og:url\" content=\"https:\/\/benkadiexpress.es\/en\/\" \/>\n<meta property=\"og:site_name\" content=\"Benkadi Express\" \/>\n<meta property=\"article:modified_time\" content=\"2026-03-05T16:38:26+00:00\" \/>\n<meta property=\"og:image\" content=\"https:\/\/benkadiexpress.es\/wp-content\/uploads\/2026\/03\/Recurso-3@10x-8-scaled-1-1024x484.png\" \/>\n<meta name=\"twitter:card\" content=\"summary_large_image\" \/>\n<meta name=\"twitter:label1\" content=\"Estimated reading time\" \/>\n\t<meta name=\"twitter:data1\" content=\"3 minutes\" \/>\n<script type=\"application\/ld+json\" class=\"yoast-schema-graph\">{\"@context\":\"https:\\\/\\\/schema.org\",\"@graph\":[{\"@type\":\"WebPage\",\"@id\":\"https:\\\/\\\/benkadiexpress.es\\\/\",\"url\":\"https:\\\/\\\/benkadiexpress.es\\\/\",\"name\":\"Inicio - Benkadi Express\",\"isPartOf\":{\"@id\":\"https:\\\/\\\/benkadiexpress.es\\\/#website\"},\"primaryImageOfPage\":{\"@id\":\"https:\\\/\\\/benkadiexpress.es\\\/#primaryimage\"},\"image\":{\"@id\":\"https:\\\/\\\/benkadiexpress.es\\\/#primaryimage\"},\"thumbnailUrl\":\"https:\\\/\\\/benkadiexpress.es\\\/wp-content\\\/uploads\\\/2026\\\/03\\\/Recurso-3@10x-8-scaled-1-1024x484.png\",\"datePublished\":\"2026-03-04T08:21:14+00:00\",\"dateModified\":\"2026-03-05T16:38:26+00:00\",\"breadcrumb\":{\"@id\":\"https:\\\/\\\/benkadiexpress.es\\\/#breadcrumb\"},\"inLanguage\":\"en-GB\",\"potentialAction\":[{\"@type\":\"ReadAction\",\"target\":[\"https:\\\/\\\/benkadiexpress.es\\\/\"]}]},{\"@type\":\"ImageObject\",\"inLanguage\":\"en-GB\",\"@id\":\"https:\\\/\\\/benkadiexpress.es\\\/#primaryimage\",\"url\":\"https:\\\/\\\/benkadiexpress.es\\\/wp-content\\\/uploads\\\/2026\\\/03\\\/Recurso-3@10x-8-scaled-1-1024x484.png\",\"contentUrl\":\"https:\\\/\\\/benkadiexpress.es\\\/wp-content\\\/uploads\\\/2026\\\/03\\\/Recurso-3@10x-8-scaled-1-1024x484.png\"},{\"@type\":\"BreadcrumbList\",\"@id\":\"https:\\\/\\\/benkadiexpress.es\\\/#breadcrumb\",\"itemListElement\":[{\"@type\":\"ListItem\",\"position\":1,\"name\":\"Portada\",\"item\":\"https:\\\/\\\/benkadiexpress.es\\\/\"},{\"@type\":\"ListItem\",\"position\":2,\"name\":\"Inicio\"}]},{\"@type\":\"WebSite\",\"@id\":\"https:\\\/\\\/benkadiexpress.es\\\/#website\",\"url\":\"https:\\\/\\\/benkadiexpress.es\\\/\",\"name\":\"Benkadi Express\",\"description\":\"\",\"potentialAction\":[{\"@type\":\"SearchAction\",\"target\":{\"@type\":\"EntryPoint\",\"urlTemplate\":\"https:\\\/\\\/benkadiexpress.es\\\/?s={search_term_string}\"},\"query-input\":{\"@type\":\"PropertyValueSpecification\",\"valueRequired\":true,\"valueName\":\"search_term_string\"}}],\"inLanguage\":\"en-GB\"}]}<\/script>\n<!-- \/ Yoast SEO plugin. -->","yoast_head_json":{"title":"Inicio - Benkadi Express","robots":{"index":"index","follow":"follow","max-snippet":"max-snippet:-1","max-image-preview":"max-image-preview:large","max-video-preview":"max-video-preview:-1"},"canonical":"https:\/\/benkadiexpress.es\/en\/","og_locale":"en_GB","og_type":"article","og_title":"Inicio - Benkadi Express","og_description":"Tu mundo en un solo lugar En Benkadi Express conectamos culturas, familias y comunidades. Ofrecemos productos de alimentaci\u00f3n internacionales, especialidades africanas, servicios de locutorio y env\u00edos de dinero con total seguridad. Calidad, confianza y cercan\u00eda todos los d\u00edas para que encuentres todo lo que necesitas en un solo espacio. Ver Servicios Sobre Benkadi Express Benkadi [&hellip;]","og_url":"https:\/\/benkadiexpress.es\/en\/","og_site_name":"Benkadi Express","article_modified_time":"2026-03-05T16:38:26+00:00","og_image":[{"url":"https:\/\/benkadiexpress.es\/wp-content\/uploads\/2026\/03\/Recurso-3@10x-8-scaled-1-1024x484.png","type":"","width":"","height":""}],"twitter_card":"summary_large_image","twitter_misc":{"Estimated reading time":"3 minutes"},"schema":{"@context":"https:\/\/schema.org","@graph":[{"@type":"WebPage","@id":"https:\/\/benkadiexpress.es\/","url":"https:\/\/benkadiexpress.es\/","name":"Inicio - Benkadi Express","isPartOf":{"@id":"https:\/\/benkadiexpress.es\/#website"},"primaryImageOfPage":{"@id":"https:\/\/benkadiexpress.es\/#primaryimage"},"image":{"@id":"https:\/\/benkadiexpress.es\/#primaryimage"},"thumbnailUrl":"https:\/\/benkadiexpress.es\/wp-content\/uploads\/2026\/03\/Recurso-3@10x-8-scaled-1-1024x484.png","datePublished":"2026-03-04T08:21:14+00:00","dateModified":"2026-03-05T16:38:26+00:00","breadcrumb":{"@id":"https:\/\/benkadiexpress.es\/#breadcrumb"},"inLanguage":"en-GB","potentialAction":[{"@type":"ReadAction","target":["https:\/\/benkadiexpress.es\/"]}]},{"@type":"ImageObject","inLanguage":"en-GB","@id":"https:\/\/benkadiexpress.es\/#primaryimage","url":"https:\/\/benkadiexpress.es\/wp-content\/uploads\/2026\/03\/Recurso-3@10x-8-scaled-1-1024x484.png","contentUrl":"https:\/\/benkadiexpress.es\/wp-content\/uploads\/2026\/03\/Recurso-3@10x-8-scaled-1-1024x484.png"},{"@type":"BreadcrumbList","@id":"https:\/\/benkadiexpress.es\/#breadcrumb","itemListElement":[{"@type":"ListItem","position":1,"name":"Portada","item":"https:\/\/benkadiexpress.es\/"},{"@type":"ListItem","position":2,"name":"Inicio"}]},{"@type":"WebSite","@id":"https:\/\/benkadiexpress.es\/#website","url":"https:\/\/benkadiexpress.es\/","name":"Benkadi Express","description":"","potentialAction":[{"@type":"SearchAction","target":{"@type":"EntryPoint","urlTemplate":"https:\/\/benkadiexpress.es\/?s={search_term_string}"},"query-input":{"@type":"PropertyValueSpecification","valueRequired":true,"valueName":"search_term_string"}}],"inLanguage":"en-GB"}]}},"_links":{"self":[{"href":"https:\/\/benkadiexpress.es\/en\/wp-json\/wp\/v2\/pages\/29","targetHints":{"allow":["GET"]}}],"collection":[{"href":"https:\/\/benkadiexpress.es\/en\/wp-json\/wp\/v2\/pages"}],"about":[{"href":"https:\/\/benkadiexpress.es\/en\/wp-json\/wp\/v2\/types\/page"}],"author":[{"embeddable":true,"href":"https:\/\/benkadiexpress.es\/en\/wp-json\/wp\/v2\/users\/1"}],"replies":[{"embeddable":true,"href":"https:\/\/benkadiexpress.es\/en\/wp-json\/wp\/v2\/comments?post=29"}],"version-history":[{"count":64,"href":"https:\/\/benkadiexpress.es\/en\/wp-json\/wp\/v2\/pages\/29\/revisions"}],"predecessor-version":[{"id":208,"href":"https:\/\/benkadiexpress.es\/en\/wp-json\/wp\/v2\/pages\/29\/revisions\/208"}],"wp:attachment":[{"href":"https:\/\/benkadiexpress.es\/en\/wp-json\/wp\/v2\/media?parent=29"}],"curies":[{"name":"wp","href":"https:\/\/api.w.org\/{rel}","templated":true}]}}