{"id":14,"date":"2026-03-04T08:21:10","date_gmt":"2026-03-04T08:21:10","guid":{"rendered":"https:\/\/benkadiexpress.rkinformatika.online\/?page_id=14"},"modified":"2026-03-05T11:50:47","modified_gmt":"2026-03-05T11:50:47","slug":"servicios","status":"publish","type":"page","link":"https:\/\/benkadiexpress.es\/en\/servicios\/","title":{"rendered":"Services"},"content":{"rendered":"<div data-elementor-type=\"wp-page\" data-elementor-id=\"14\" class=\"elementor elementor-14\" data-elementor-post-type=\"page\">\n\t\t\t\t<div class=\"elementor-element elementor-element-1f05f502 e-con-full e-flex e-con e-parent\" data-id=\"1f05f502\" data-element_type=\"container\" data-e-type=\"container\" data-settings=\"{&quot;background_background&quot;:&quot;classic&quot;}\">\n\t\t<div class=\"elementor-element elementor-element-69142f45 e-grid e-con-full e-con e-child\" data-id=\"69142f45\" data-element_type=\"container\" data-e-type=\"container\">\n\t\t<div class=\"elementor-element elementor-element-2ab1dd89 e-con-full e-flex e-con e-child\" data-id=\"2ab1dd89\" data-element_type=\"container\" data-e-type=\"container\" data-settings=\"{&quot;background_background&quot;:&quot;classic&quot;}\">\n\t\t<div class=\"elementor-element elementor-element-65f1ee7b e-con-full e-flex e-con e-child\" data-id=\"65f1ee7b\" data-element_type=\"container\" data-e-type=\"container\" data-settings=\"{&quot;background_background&quot;:&quot;classic&quot;}\">\n\t\t\t\t<\/div>\n\t\t<div class=\"elementor-element elementor-element-dc7c80 e-con-full e-flex e-con e-child\" data-id=\"dc7c80\" data-element_type=\"container\" data-e-type=\"container\" data-settings=\"{&quot;background_background&quot;:&quot;classic&quot;}\">\n\t\t\t\t<div class=\"elementor-element elementor-element-74c14402 elementor-widget elementor-widget-heading\" data-id=\"74c14402\" data-element_type=\"widget\" data-e-type=\"widget\" data-widget_type=\"heading.default\">\n\t\t\t\t\t<h2 class=\"elementor-heading-title elementor-size-default\">Productos Africanos e Internacionales<\/h2>\t\t\t\t<\/div>\n\t\t\t\t<div class=\"elementor-element elementor-element-3c9eb23e elementor-widget elementor-widget-text-editor\" data-id=\"3c9eb23e\" data-element_type=\"widget\" data-e-type=\"widget\" data-widget_type=\"text-editor.default\">\n\t\t\t\t\t\t\t\t\t<p data-start=\"2213\" data-end=\"2424\">Amplia selecci\u00f3n de alimentos frescos y congelados de \u00c1frica, Latinoam\u00e9rica, Europa y Asia.<\/p>\t\t\t\t\t\t\t\t<\/div>\n\t\t\t\t<\/div>\n\t\t\t\t<\/div>\n\t\t<div class=\"elementor-element elementor-element-6b4a6f6b e-con-full e-flex e-con e-child\" data-id=\"6b4a6f6b\" data-element_type=\"container\" data-e-type=\"container\" data-settings=\"{&quot;background_background&quot;:&quot;classic&quot;}\">\n\t\t<div class=\"elementor-element elementor-element-7f0d3e8c e-con-full e-flex e-con e-child\" data-id=\"7f0d3e8c\" data-element_type=\"container\" data-e-type=\"container\" data-settings=\"{&quot;background_background&quot;:&quot;classic&quot;}\">\n\t\t\t\t<\/div>\n\t\t<div class=\"elementor-element elementor-element-63f24f43 e-con-full e-flex e-con e-child\" data-id=\"63f24f43\" data-element_type=\"container\" data-e-type=\"container\" data-settings=\"{&quot;background_background&quot;:&quot;classic&quot;}\">\n\t\t\t\t<div class=\"elementor-element elementor-element-2520fa51 elementor-widget elementor-widget-heading\" data-id=\"2520fa51\" data-element_type=\"widget\" data-e-type=\"widget\" data-widget_type=\"heading.default\">\n\t\t\t\t\t<h2 class=\"elementor-heading-title elementor-size-default\">Env\u00edos y Recepci\u00f3n de Dinero<\/h2>\t\t\t\t<\/div>\n\t\t\t\t<div class=\"elementor-element elementor-element-1c010b8e elementor-widget elementor-widget-text-editor\" data-id=\"1c010b8e\" data-element_type=\"widget\" data-e-type=\"widget\" data-widget_type=\"text-editor.default\">\n\t\t\t\t\t\t\t\t\t<p data-start=\"2441\" data-end=\"2646\">Transferencias internacionales r\u00e1pidas y seguras con plataformas reconocidas a nivel mundial.<\/p>\t\t\t\t\t\t\t\t<\/div>\n\t\t\t\t<\/div>\n\t\t\t\t<\/div>\n\t\t<div class=\"elementor-element elementor-element-4a14ffe8 e-con-full e-flex e-con e-child\" data-id=\"4a14ffe8\" data-element_type=\"container\" data-e-type=\"container\" data-settings=\"{&quot;background_background&quot;:&quot;classic&quot;}\">\n\t\t<div class=\"elementor-element elementor-element-7b3c114c e-con-full e-flex e-con e-child\" data-id=\"7b3c114c\" data-element_type=\"container\" data-e-type=\"container\" data-settings=\"{&quot;background_background&quot;:&quot;classic&quot;}\">\n\t\t\t\t<\/div>\n\t\t<div class=\"elementor-element elementor-element-2a56493f e-con-full e-flex e-con e-child\" data-id=\"2a56493f\" data-element_type=\"container\" data-e-type=\"container\" data-settings=\"{&quot;background_background&quot;:&quot;classic&quot;}\">\n\t\t\t\t<div class=\"elementor-element elementor-element-403f5fb1 elementor-widget elementor-widget-heading\" data-id=\"403f5fb1\" data-element_type=\"widget\" data-e-type=\"widget\" data-widget_type=\"heading.default\">\n\t\t\t\t\t<h2 class=\"elementor-heading-title elementor-size-default\">Locutorio Telef\u00f3nico<\/h2>\t\t\t\t<\/div>\n\t\t\t\t<div class=\"elementor-element elementor-element-23135544 elementor-widget elementor-widget-text-editor\" data-id=\"23135544\" data-element_type=\"widget\" data-e-type=\"widget\" data-widget_type=\"text-editor.default\">\n\t\t\t\t\t\t\t\t\t<p>Llamadas nacionales e internacionales con tarifas accesibles y servicio confiable.<\/p>\t\t\t\t\t\t\t\t<\/div>\n\t\t\t\t<\/div>\n\t\t\t\t<\/div>\n\t\t<div class=\"elementor-element elementor-element-5fce5d80 e-con-full e-flex e-con e-child\" data-id=\"5fce5d80\" data-element_type=\"container\" data-e-type=\"container\" data-settings=\"{&quot;background_background&quot;:&quot;classic&quot;}\">\n\t\t<div class=\"elementor-element elementor-element-517d157 e-con-full e-flex e-con e-child\" data-id=\"517d157\" data-element_type=\"container\" data-e-type=\"container\" data-settings=\"{&quot;background_background&quot;:&quot;classic&quot;}\">\n\t\t\t\t<\/div>\n\t\t<div class=\"elementor-element elementor-element-6633b966 e-con-full e-flex e-con e-child\" data-id=\"6633b966\" data-element_type=\"container\" data-e-type=\"container\" data-settings=\"{&quot;background_background&quot;:&quot;classic&quot;}\">\n\t\t\t\t<div class=\"elementor-element elementor-element-3c168c89 elementor-widget elementor-widget-heading\" data-id=\"3c168c89\" data-element_type=\"widget\" data-e-type=\"widget\" data-widget_type=\"heading.default\">\n\t\t\t\t\t<h2 class=\"elementor-heading-title elementor-size-default\">Productos Frescos y Congelados<\/h2>\t\t\t\t<\/div>\n\t\t\t\t<div class=\"elementor-element elementor-element-44f87cb2 elementor-widget elementor-widget-text-editor\" data-id=\"44f87cb2\" data-element_type=\"widget\" data-e-type=\"widget\" data-widget_type=\"text-editor.default\">\n\t\t\t\t\t\t\t\t\t<p data-start=\"2869\" data-end=\"3045\">Calidad garantizada en carnes, pescados, verduras y productos especializados.<\/p>\t\t\t\t\t\t\t\t<\/div>\n\t\t\t\t<\/div>\n\t\t\t\t<\/div>\n\t\t<div class=\"elementor-element elementor-element-68c744f e-con-full e-flex e-con e-child\" data-id=\"68c744f\" data-element_type=\"container\" data-e-type=\"container\" data-settings=\"{&quot;background_background&quot;:&quot;classic&quot;}\">\n\t\t<div class=\"elementor-element elementor-element-79bd1346 e-con-full e-flex e-con e-child\" data-id=\"79bd1346\" data-element_type=\"container\" data-e-type=\"container\" data-settings=\"{&quot;background_background&quot;:&quot;classic&quot;}\">\n\t\t\t\t<\/div>\n\t\t<div class=\"elementor-element elementor-element-1612964d e-con-full e-flex e-con e-child\" data-id=\"1612964d\" data-element_type=\"container\" data-e-type=\"container\" data-settings=\"{&quot;background_background&quot;:&quot;classic&quot;}\">\n\t\t\t\t<div class=\"elementor-element elementor-element-539da166 elementor-widget elementor-widget-heading\" data-id=\"539da166\" data-element_type=\"widget\" data-e-type=\"widget\" data-widget_type=\"heading.default\">\n\t\t\t\t\t<h2 class=\"elementor-heading-title elementor-size-default\">Servicios Digitales<\/h2>\t\t\t\t<\/div>\n\t\t\t\t<div class=\"elementor-element elementor-element-5f8ec59c elementor-widget elementor-widget-text-editor\" data-id=\"5f8ec59c\" data-element_type=\"widget\" data-e-type=\"widget\" data-widget_type=\"text-editor.default\">\n\t\t\t\t\t\t\t\t\t<p data-start=\"3062\" data-end=\"3246\">Soluciones digitales y asistencia tecnol\u00f3gica para facilitar tus gestiones diarias.<\/p>\t\t\t\t\t\t\t\t<\/div>\n\t\t\t\t<\/div>\n\t\t\t\t<\/div>\n\t\t<div class=\"elementor-element elementor-element-61843064 e-con-full e-flex e-con e-child\" data-id=\"61843064\" data-element_type=\"container\" data-e-type=\"container\" data-settings=\"{&quot;background_background&quot;:&quot;classic&quot;}\">\n\t\t<div class=\"elementor-element elementor-element-5888ef3b e-con-full e-flex e-con e-child\" data-id=\"5888ef3b\" data-element_type=\"container\" data-e-type=\"container\" data-settings=\"{&quot;background_background&quot;:&quot;classic&quot;}\">\n\t\t\t\t<\/div>\n\t\t<div class=\"elementor-element elementor-element-153b4ad1 e-con-full e-flex e-con e-child\" data-id=\"153b4ad1\" data-element_type=\"container\" data-e-type=\"container\" data-settings=\"{&quot;background_background&quot;:&quot;classic&quot;}\">\n\t\t\t\t<div class=\"elementor-element elementor-element-4d9fd2cd elementor-widget elementor-widget-heading\" data-id=\"4d9fd2cd\" data-element_type=\"widget\" data-e-type=\"widget\" data-widget_type=\"heading.default\">\n\t\t\t\t\t<h2 class=\"elementor-heading-title elementor-size-default\">Atenci\u00f3n Personalizada<\/h2>\t\t\t\t<\/div>\n\t\t\t\t<div class=\"elementor-element elementor-element-6c6737e7 elementor-widget elementor-widget-text-editor\" data-id=\"6c6737e7\" data-element_type=\"widget\" data-e-type=\"widget\" data-widget_type=\"text-editor.default\">\n\t\t\t\t\t\t\t\t\t<p data-start=\"3263\" data-end=\"3451\">Servicio cercano, profesional y orientado a generar confianza y satisfacci\u00f3n en cada visita.<\/p>\t\t\t\t\t\t\t\t<\/div>\n\t\t\t\t<\/div>\n\t\t\t\t<\/div>\n\t\t\t\t<\/div>\n\t\t\t\t<\/div>\n\t\t\t\t<\/div>","protected":false},"excerpt":{"rendered":"<p>Productos Africanos e Internacionales Amplia selecci\u00f3n de alimentos frescos y congelados de \u00c1frica, Latinoam\u00e9rica, Europa y Asia. Env\u00edos y Recepci\u00f3n de Dinero Transferencias internacionales r\u00e1pidas y seguras con plataformas reconocidas a nivel mundial. Locutorio Telef\u00f3nico Llamadas nacionales e internacionales con tarifas accesibles y servicio confiable. Productos Frescos y Congelados Calidad garantizada en carnes, pescados, verduras [&hellip;]<\/p>\n","protected":false},"author":1,"featured_media":0,"parent":0,"menu_order":0,"comment_status":"closed","ping_status":"closed","template":"elementor_canvas","meta":{"footnotes":""},"class_list":["post-14","page","type-page","status-publish","hentry"],"yoast_head":"<!-- This site is optimized with the Yoast SEO plugin v27.3 - https:\/\/yoast.com\/product\/yoast-seo-wordpress\/ -->\n<title>Servicios - Benkadi Express<\/title>\n<meta name=\"robots\" content=\"index, follow, max-snippet:-1, max-image-preview:large, max-video-preview:-1\" \/>\n<link rel=\"canonical\" href=\"https:\/\/benkadiexpress.es\/en\/servicios\/\" \/>\n<meta property=\"og:locale\" content=\"en_GB\" \/>\n<meta property=\"og:type\" content=\"article\" \/>\n<meta property=\"og:title\" content=\"Servicios - Benkadi Express\" \/>\n<meta property=\"og:description\" content=\"Productos Africanos e Internacionales Amplia selecci\u00f3n de alimentos frescos y congelados de \u00c1frica, Latinoam\u00e9rica, Europa y Asia. Env\u00edos y Recepci\u00f3n de Dinero Transferencias internacionales r\u00e1pidas y seguras con plataformas reconocidas a nivel mundial. Locutorio Telef\u00f3nico Llamadas nacionales e internacionales con tarifas accesibles y servicio confiable. Productos Frescos y Congelados Calidad garantizada en carnes, pescados, verduras [&hellip;]\" \/>\n<meta property=\"og:url\" content=\"https:\/\/benkadiexpress.es\/en\/servicios\/\" \/>\n<meta property=\"og:site_name\" content=\"Benkadi Express\" \/>\n<meta property=\"article:modified_time\" content=\"2026-03-05T11:50:47+00:00\" \/>\n<meta name=\"twitter:card\" content=\"summary_large_image\" \/>\n<script type=\"application\/ld+json\" class=\"yoast-schema-graph\">{\"@context\":\"https:\\\/\\\/schema.org\",\"@graph\":[{\"@type\":\"WebPage\",\"@id\":\"https:\\\/\\\/benkadiexpress.es\\\/servicios\\\/\",\"url\":\"https:\\\/\\\/benkadiexpress.es\\\/servicios\\\/\",\"name\":\"Servicios - Benkadi Express\",\"isPartOf\":{\"@id\":\"https:\\\/\\\/benkadiexpress.es\\\/#website\"},\"datePublished\":\"2026-03-04T08:21:10+00:00\",\"dateModified\":\"2026-03-05T11:50:47+00:00\",\"breadcrumb\":{\"@id\":\"https:\\\/\\\/benkadiexpress.es\\\/servicios\\\/#breadcrumb\"},\"inLanguage\":\"en-GB\",\"potentialAction\":[{\"@type\":\"ReadAction\",\"target\":[\"https:\\\/\\\/benkadiexpress.es\\\/servicios\\\/\"]}]},{\"@type\":\"BreadcrumbList\",\"@id\":\"https:\\\/\\\/benkadiexpress.es\\\/servicios\\\/#breadcrumb\",\"itemListElement\":[{\"@type\":\"ListItem\",\"position\":1,\"name\":\"Portada\",\"item\":\"https:\\\/\\\/benkadiexpress.es\\\/\"},{\"@type\":\"ListItem\",\"position\":2,\"name\":\"Servicios\"}]},{\"@type\":\"WebSite\",\"@id\":\"https:\\\/\\\/benkadiexpress.es\\\/#website\",\"url\":\"https:\\\/\\\/benkadiexpress.es\\\/\",\"name\":\"Benkadi Express\",\"description\":\"\",\"potentialAction\":[{\"@type\":\"SearchAction\",\"target\":{\"@type\":\"EntryPoint\",\"urlTemplate\":\"https:\\\/\\\/benkadiexpress.es\\\/?s={search_term_string}\"},\"query-input\":{\"@type\":\"PropertyValueSpecification\",\"valueRequired\":true,\"valueName\":\"search_term_string\"}}],\"inLanguage\":\"en-GB\"}]}<\/script>\n<!-- \/ Yoast SEO plugin. -->","yoast_head_json":{"title":"Servicios - Benkadi Express","robots":{"index":"index","follow":"follow","max-snippet":"max-snippet:-1","max-image-preview":"max-image-preview:large","max-video-preview":"max-video-preview:-1"},"canonical":"https:\/\/benkadiexpress.es\/en\/servicios\/","og_locale":"en_GB","og_type":"article","og_title":"Servicios - Benkadi Express","og_description":"Productos Africanos e Internacionales Amplia selecci\u00f3n de alimentos frescos y congelados de \u00c1frica, Latinoam\u00e9rica, Europa y Asia. Env\u00edos y Recepci\u00f3n de Dinero Transferencias internacionales r\u00e1pidas y seguras con plataformas reconocidas a nivel mundial. Locutorio Telef\u00f3nico Llamadas nacionales e internacionales con tarifas accesibles y servicio confiable. Productos Frescos y Congelados Calidad garantizada en carnes, pescados, verduras [&hellip;]","og_url":"https:\/\/benkadiexpress.es\/en\/servicios\/","og_site_name":"Benkadi Express","article_modified_time":"2026-03-05T11:50:47+00:00","twitter_card":"summary_large_image","schema":{"@context":"https:\/\/schema.org","@graph":[{"@type":"WebPage","@id":"https:\/\/benkadiexpress.es\/servicios\/","url":"https:\/\/benkadiexpress.es\/servicios\/","name":"Servicios - Benkadi Express","isPartOf":{"@id":"https:\/\/benkadiexpress.es\/#website"},"datePublished":"2026-03-04T08:21:10+00:00","dateModified":"2026-03-05T11:50:47+00:00","breadcrumb":{"@id":"https:\/\/benkadiexpress.es\/servicios\/#breadcrumb"},"inLanguage":"en-GB","potentialAction":[{"@type":"ReadAction","target":["https:\/\/benkadiexpress.es\/servicios\/"]}]},{"@type":"BreadcrumbList","@id":"https:\/\/benkadiexpress.es\/servicios\/#breadcrumb","itemListElement":[{"@type":"ListItem","position":1,"name":"Portada","item":"https:\/\/benkadiexpress.es\/"},{"@type":"ListItem","position":2,"name":"Servicios"}]},{"@type":"WebSite","@id":"https:\/\/benkadiexpress.es\/#website","url":"https:\/\/benkadiexpress.es\/","name":"Benkadi Express","description":"","potentialAction":[{"@type":"SearchAction","target":{"@type":"EntryPoint","urlTemplate":"https:\/\/benkadiexpress.es\/?s={search_term_string}"},"query-input":{"@type":"PropertyValueSpecification","valueRequired":true,"valueName":"search_term_string"}}],"inLanguage":"en-GB"}]}},"_links":{"self":[{"href":"https:\/\/benkadiexpress.es\/en\/wp-json\/wp\/v2\/pages\/14","targetHints":{"allow":["GET"]}}],"collection":[{"href":"https:\/\/benkadiexpress.es\/en\/wp-json\/wp\/v2\/pages"}],"about":[{"href":"https:\/\/benkadiexpress.es\/en\/wp-json\/wp\/v2\/types\/page"}],"author":[{"embeddable":true,"href":"https:\/\/benkadiexpress.es\/en\/wp-json\/wp\/v2\/users\/1"}],"replies":[{"embeddable":true,"href":"https:\/\/benkadiexpress.es\/en\/wp-json\/wp\/v2\/comments?post=14"}],"version-history":[{"count":19,"href":"https:\/\/benkadiexpress.es\/en\/wp-json\/wp\/v2\/pages\/14\/revisions"}],"predecessor-version":[{"id":165,"href":"https:\/\/benkadiexpress.es\/en\/wp-json\/wp\/v2\/pages\/14\/revisions\/165"}],"wp:attachment":[{"href":"https:\/\/benkadiexpress.es\/en\/wp-json\/wp\/v2\/media?parent=14"}],"curies":[{"name":"wp","href":"https:\/\/api.w.org\/{rel}","templated":true}]}}